{"id":24785,"date":"2024-03-07T17:44:23","date_gmt":"2024-03-07T16:44:23","guid":{"rendered":"https:\/\/coachncoffee.com\/?page_id=24785"},"modified":"2024-05-26T12:16:47","modified_gmt":"2024-05-26T10:16:47","slug":"blog","status":"publish","type":"page","link":"https:\/\/coachncoffee.com\/tr\/blog\/","title":{"rendered":"Blog"},"content":{"rendered":"<div data-elementor-type=\"wp-page\" data-elementor-id=\"24785\" class=\"elementor elementor-24785\">\n\t\t\t\t<div class=\"elementor-element elementor-element-624ca2a e-flex e-con-boxed e-con e-parent\" data-id=\"624ca2a\" data-element_type=\"container\" data-e-type=\"container\">\n\t\t\t\t\t<div class=\"e-con-inner\">\n\t\t\t\t<div class=\"elementor-element elementor-element-e5a5f95 elementor-widget elementor-widget-heading\" data-id=\"e5a5f95\" data-element_type=\"widget\" data-e-type=\"widget\" data-widget_type=\"heading.default\">\n\t\t\t\t<div class=\"elementor-widget-container\">\n\t\t\t\t\t<h2 class=\"elementor-heading-title elementor-size-default\">Blog<\/h2>\t\t\t\t<\/div>\n\t\t\t\t<\/div>\n\t\t\t\t<div class=\"elementor-element elementor-element-bcc6ee4 elementor-widget-divider--view-line elementor-widget elementor-widget-divider\" data-id=\"bcc6ee4\" data-element_type=\"widget\" data-e-type=\"widget\" data-widget_type=\"divider.default\">\n\t\t\t\t<div class=\"elementor-widget-container\">\n\t\t\t\t\t\t\t<div class=\"elementor-divider\">\n\t\t\t<span class=\"elementor-divider-separator\">\n\t\t\t\t\t\t<\/span>\n\t\t<\/div>\n\t\t\t\t\t\t<\/div>\n\t\t\t\t<\/div>\n\t\t\t\t\t<\/div>\n\t\t\t\t<\/div>\n\t\t<div class=\"elementor-element elementor-element-6ecec43 e-flex e-con-boxed e-con e-parent\" data-id=\"6ecec43\" data-element_type=\"container\" data-e-type=\"container\">\n\t\t\t\t\t<div class=\"e-con-inner\">\n\t\t\t\t\t<\/div>\n\t\t\t\t<\/div>\n\t\t<div class=\"elementor-element elementor-element-d25fa22 e-flex e-con-boxed e-con e-parent\" data-id=\"d25fa22\" data-element_type=\"container\" data-e-type=\"container\">\n\t\t\t\t\t<div class=\"e-con-inner\">\n\t\t<div class=\"elementor-element elementor-element-19705e3 e-con-full e-flex e-con e-child\" data-id=\"19705e3\" data-element_type=\"container\" data-e-type=\"container\">\n\t\t\t\t<div class=\"elementor-element elementor-element-c241f66 elementor-widget elementor-widget-image\" data-id=\"c241f66\" data-element_type=\"widget\" data-e-type=\"widget\" data-widget_type=\"image.default\">\n\t\t\t\t<div class=\"elementor-widget-container\">\n\t\t\t\t\t\t\t\t\t\t\t\t\t\t\t<img fetchpriority=\"high\" decoding=\"async\" width=\"827\" height=\"1512\" src=\"https:\/\/coachncoffee.com\/wp-content\/uploads\/2024\/05\/Kaplumbag_terbiyecis-min.png\" class=\"attachment-full size-full wp-image-25307\" alt=\"\" srcset=\"https:\/\/coachncoffee.com\/wp-content\/uploads\/2024\/05\/Kaplumbag_terbiyecis-min.png 827w, https:\/\/coachncoffee.com\/wp-content\/uploads\/2024\/05\/Kaplumbag_terbiyecis-min-164x300.png 164w, https:\/\/coachncoffee.com\/wp-content\/uploads\/2024\/05\/Kaplumbag_terbiyecis-min-560x1024.png 560w, https:\/\/coachncoffee.com\/wp-content\/uploads\/2024\/05\/Kaplumbag_terbiyecis-min-768x1404.png 768w, https:\/\/coachncoffee.com\/wp-content\/uploads\/2024\/05\/Kaplumbag_terbiyecis-min-7x12.png 7w\" sizes=\"(max-width: 827px) 100vw, 827px\">\t\t\t\t\t\t\t\t\t\t\t\t\t\t\t<\/div>\n\t\t\t\t<\/div>\n\t\t\t\t<\/div>\n\t\t<div class=\"elementor-element elementor-element-e8a21c4 e-con-full e-flex e-con e-child\" data-id=\"e8a21c4\" data-element_type=\"container\" data-e-type=\"container\">\n\t\t\t\t<div class=\"elementor-element elementor-element-31b7480 elementor-widget elementor-widget-text-editor\" data-id=\"31b7480\" data-element_type=\"widget\" data-e-type=\"widget\" data-widget_type=\"text-editor.default\">\n\t\t\t\t<div class=\"elementor-widget-container\">\n\t\t\t\t\t\t\t\t\t<p><strong>Osmanl\u0131 \u0130mparatorlu\u011fu'ndaki uzun ko\u00e7luk gelene\u011fi; bir ilham kayna\u011f\u0131<\/strong><\/p><p>Lale'den | 07 May\u0131s 2024 | #inspiration<\/p>\t\t\t\t\t\t\t\t<\/div>\n\t\t\t\t<\/div>\n\t\t\t\t<div class=\"elementor-element elementor-element-29688de elementor-widget__width-initial elementor-widget elementor-widget-text-editor\" data-id=\"29688de\" data-element_type=\"widget\" data-e-type=\"widget\" data-widget_type=\"text-editor.default\">\n\t\t\t\t<div class=\"elementor-widget-container\">\n\t\t\t\t\t\t\t\t\t<p>Modern anlamda ko\u00e7luk, genellikle sadece son y\u0131llarda \u00f6nem kazanm\u0131\u015f nispeten yeni bir uygulama gibi g\u00f6r\u00fcnmektedir. Ancak ko\u00e7lu\u011fun tarihi, bir\u00e7ok insan\u0131n fark etti\u011finden \u00e7ok daha eskilere dayanmaktad\u0131r. Asl\u0131nda ko\u00e7luk ve dan\u0131\u015fmanl\u0131k kavram\u0131, Osmanl\u0131 \u0130mparatorlu\u011fu g\u00fcnlerine kadar uzanan uzun ve zengin bir gelene\u011fe sahiptir.<\/p><p>Osmanl\u0131 \u0130mparatorlu\u011fu'nun merkezinde yer alan dan\u0131\u015fmanlar ve ak\u0131l hocalar\u0131, y\u00f6neticilerin ve elitlerin desteklenmesinde \u00e7ok \u00f6nemli bir rol oynam\u0131\u015ft\u0131r. Genellikle alim, \u015fair veya ruhani liderlerden olu\u015fan bu dan\u0131\u015fmanlar, y\u00f6neticilerin g\u00f6revlerini yerine getirmelerine yard\u0131mc\u0131 olmak ve ki\u015fisel geli\u015fim yolunda onlar\u0131 desteklemek i\u00e7in bilgi ve deneyimlerini aktarm\u0131\u015flard\u0131r.<\/p><p>Bu d\u00f6nemin en \u00f6nde gelen isimlerinden biri, \u0130ranl\u0131 bir \u015fair, \u00e2lim ve Sufi mistik olan Mevlana Celaleddin Rumi'dir. Rumi sadece \u00f6nemli bir ruhani lider de\u011fil, ayn\u0131 zamanda zaman\u0131n\u0131n pek \u00e7ok insan\u0131 i\u00e7in bilge bir dan\u0131\u015fman ve ak\u0131l hocas\u0131yd\u0131. Sevgi, ho\u015fg\u00f6r\u00fc ve kendini ke\u015ffetmeye dair \u015fiirleri ve \u00f6\u011fretileri bug\u00fcn hala derin ve ilham verici bir etkiye sahiptir.<\/p><p>Ayr\u0131ca, Osmanl\u0131 toplumunda zengin bir \u00f6\u011fretmen-\u00f6\u011frenci ili\u015fkileri gelene\u011fi vard\u0131. Deneyimli ustalar bilgi ve becerilerini gen\u00e7 \u00f6\u011frencilere aktar\u0131rd\u0131; bu uygulama sanat, zanaat, bilim ve maneviyat gibi \u00e7e\u015fitli alanlarda yayg\u0131nd\u0131.<\/p><p>Bu tarihi \u00f6rnekler, ki\u015fisel geli\u015fim ve mentor ve dan\u0131\u015fmanlardan destek alma fikrinin uzun ve se\u00e7kin bir gelene\u011fe sahip oldu\u011funu g\u00f6stermektedir. Bize bilgelik ve rehberli\u011fin zamans\u0131z oldu\u011funu ve ge\u00e7mi\u015fin derslerinden \u00e7ok \u015fey \u00f6\u011frenebilece\u011fimizi hat\u0131rlat\u0131yorlar.<\/p><p>Osmanl\u0131 \u0130mparatorlu\u011fu'nda ko\u00e7lu\u011fun tarihi, bize bilgi, bilgelik ve ki\u015fisel geli\u015fim aray\u0131\u015f\u0131n\u0131n y\u00fczy\u0131llard\u0131r devam eden bir yolculuk oldu\u011funu hat\u0131rlatan bir ilham kayna\u011f\u0131d\u0131r. Ko\u00e7luk uygulamas\u0131n\u0131n insan deneyiminin temellerine derinlemesine k\u00f6k sald\u0131\u011f\u0131n\u0131 ve ki\u015fisel geli\u015fim yolumuzda bizi destekleyebilece\u011fini hat\u0131rlat\u0131r.<\/p>\t\t\t\t\t\t\t\t<\/div>\n\t\t\t\t<\/div>\n\t\t\t\t<\/div>\n\t\t\t\t\t<\/div>\n\t\t\t\t<\/div>\n\t\t<div class=\"elementor-element elementor-element-9ff26fe e-flex e-con-boxed e-con e-parent\" data-id=\"9ff26fe\" data-element_type=\"container\" data-e-type=\"container\">\n\t\t\t\t\t<div class=\"e-con-inner\">\n\t\t\t\t<div class=\"elementor-element elementor-element-c45b3c4 elementor-widget-divider--view-line elementor-widget elementor-widget-divider\" data-id=\"c45b3c4\" data-element_type=\"widget\" data-e-type=\"widget\" data-widget_type=\"divider.default\">\n\t\t\t\t<div class=\"elementor-widget-container\">\n\t\t\t\t\t\t\t<div class=\"elementor-divider\">\n\t\t\t<span class=\"elementor-divider-separator\">\n\t\t\t\t\t\t<\/span>\n\t\t<\/div>\n\t\t\t\t\t\t<\/div>\n\t\t\t\t<\/div>\n\t\t\t\t\t<\/div>\n\t\t\t\t<\/div>\n\t\t<div class=\"elementor-element elementor-element-32e428a e-flex e-con-boxed e-con e-parent\" data-id=\"32e428a\" data-element_type=\"container\" data-e-type=\"container\">\n\t\t\t\t\t<div class=\"e-con-inner\">\n\t\t<div class=\"elementor-element elementor-element-a9ec027 e-con-full e-flex e-con e-child\" data-id=\"a9ec027\" data-element_type=\"container\" data-e-type=\"container\">\n\t\t\t\t<div class=\"elementor-element elementor-element-5509d16 elementor-widget elementor-widget-text-editor\" data-id=\"5509d16\" data-element_type=\"widget\" data-e-type=\"widget\" data-widget_type=\"text-editor.default\">\n\t\t\t\t<div class=\"elementor-widget-container\">\n\t\t\t\t\t\t\t\t\t<p><strong>Ba\u015far\u0131 ilk ad\u0131m\u0131 atmakla ba\u015flar<\/strong><\/p><p>Lale | Nis 14, 2024 | #ba\u015farii\u0307pu\u00e7lari<\/p><p>\u00a0<\/p>\t\t\t\t\t\t\t\t<\/div>\n\t\t\t\t<\/div>\n\t\t\t\t<div class=\"elementor-element elementor-element-a5ed071 elementor-widget elementor-widget-text-editor\" data-id=\"a5ed071\" data-element_type=\"widget\" data-e-type=\"widget\" data-widget_type=\"text-editor.default\">\n\t\t\t\t<div class=\"elementor-widget-container\">\n\t\t\t\t\t\t\t\t\t<p>Ba\u015far\u0131 tesad\u00fcf de\u011fil, cesur kararlar\u0131n sonucudur. \u0130lk ad\u0131m bu yolculu\u011fun ba\u015flang\u0131c\u0131n\u0131 i\u015faret eder. Cesaret gerektirir, engelleri y\u0131kar ve pozitif enerji a\u00e7\u0131\u011fa \u00e7\u0131kar\u0131r. Harekete ge\u00e7erek sorumluluk al\u0131r ve b\u00fcy\u00fcmenin \u00f6n\u00fcn\u00fc a\u00e7ars\u0131n\u0131z. \u0130lk ad\u0131m sadece kendimize de\u011fil, ba\u015fkalar\u0131na da ilham verir. Ba\u015far\u0131 ate\u015fini tutu\u015fturan k\u0131v\u0131lc\u0131md\u0131r. \u0130lk ad\u0131m\u0131 at\u0131n - bu hayat\u0131n\u0131z\u0131n en \u00f6nemli ad\u0131m\u0131 olabilir.<\/p>\t\t\t\t\t\t\t\t<\/div>\n\t\t\t\t<\/div>\n\t\t\t\t<\/div>\n\t\t<div class=\"elementor-element elementor-element-0507293 e-con-full e-flex e-con e-child\" data-id=\"0507293\" data-element_type=\"container\" data-e-type=\"container\">\n\t\t\t\t<div class=\"elementor-element elementor-element-8a13ba4 elementor-widget elementor-widget-image\" data-id=\"8a13ba4\" data-element_type=\"widget\" data-e-type=\"widget\" data-widget_type=\"image.default\">\n\t\t\t\t<div class=\"elementor-widget-container\">\n\t\t\t\t\t\t\t\t\t\t\t\t\t\t\t<img decoding=\"async\" width=\"1024\" height=\"683\" src=\"https:\/\/coachncoffee.com\/wp-content\/uploads\/2024\/04\/pexelskarolinagrabowska4968367-1024x683.jpg\" class=\"attachment-large size-large wp-image-25080\" alt=\"\" srcset=\"https:\/\/coachncoffee.com\/wp-content\/uploads\/2024\/04\/pexelskarolinagrabowska4968367-1024x683.jpg 1024w, https:\/\/coachncoffee.com\/wp-content\/uploads\/2024\/04\/pexelskarolinagrabowska4968367-300x200.jpg 300w, https:\/\/coachncoffee.com\/wp-content\/uploads\/2024\/04\/pexelskarolinagrabowska4968367-768x512.jpg 768w, https:\/\/coachncoffee.com\/wp-content\/uploads\/2024\/04\/pexelskarolinagrabowska4968367-1536x1024.jpg 1536w, https:\/\/coachncoffee.com\/wp-content\/uploads\/2024\/04\/pexelskarolinagrabowska4968367-2048x1365.jpg 2048w, https:\/\/coachncoffee.com\/wp-content\/uploads\/2024\/04\/pexelskarolinagrabowska4968367-18x12.jpg 18w\" sizes=\"(max-width: 1024px) 100vw, 1024px\">\t\t\t\t\t\t\t\t\t\t\t\t\t\t\t<\/div>\n\t\t\t\t<\/div>\n\t\t\t\t<\/div>\n\t\t\t\t\t<\/div>\n\t\t\t\t<\/div>\n\t\t<div class=\"elementor-element elementor-element-651cce5 e-flex e-con-boxed e-con e-parent\" data-id=\"651cce5\" data-element_type=\"container\" data-e-type=\"container\">\n\t\t\t\t\t<div class=\"e-con-inner\">\n\t\t\t\t\t<\/div>\n\t\t\t\t<\/div>\n\t\t\t\t<\/div>","protected":false},"excerpt":{"rendered":"<p>Blog Die lange Tradition des Coachings im Osmanischen Reich; eine Quelle der Inspiration von Lale | Mai 07, 2024|#inspiration Im modernen Verst\u00e4ndnis erscheint Coaching oft als eine relativ neue Praxis, die erst in den letzten Jahrzehnten an Bedeutung gewonnen hat. Doch die Geschichte des Coachings reicht viel weiter zur\u00fcck als viele vermuten. Tats\u00e4chlich hat das [&hellip;]<\/p>\n","protected":false},"author":1,"featured_media":0,"parent":0,"menu_order":0,"comment_status":"closed","ping_status":"closed","template":"","meta":{"site-sidebar-layout":"no-sidebar","site-content-layout":"page-builder","ast-site-content-layout":"full-width-container","site-content-style":"default","site-sidebar-style":"default","ast-global-header-display":"","ast-banner-title-visibility":"","ast-main-header-display":"","ast-hfb-above-header-display":"","ast-hfb-below-header-display":"","ast-hfb-mobile-header-display":"","site-post-title":"disabled","ast-breadcrumbs-content":"","ast-featured-img":"disabled","footer-sml-layout":"","ast-disable-related-posts":"","theme-transparent-header-meta":"","adv-header-id-meta":"","stick-header-meta":"","header-above-stick-meta":"","header-main-stick-meta":"","header-below-stick-meta":"","astra-migrate-meta-layouts":"set","ast-page-background-enabled":"default","ast-page-background-meta":{"desktop":{"background-color":"","background-image":"","background-repeat":"repeat","background-position":"center center","background-size":"auto","background-attachment":"scroll","background-type":"","background-media":"","overlay-type":"","overlay-color":"","overlay-opacity":"","overlay-gradient":""},"tablet":{"background-color":"","background-image":"","background-repeat":"repeat","background-position":"center center","background-size":"auto","background-attachment":"scroll","background-type":"","background-media":"","overlay-type":"","overlay-color":"","overlay-opacity":"","overlay-gradient":""},"mobile":{"background-color":"","background-image":"","background-repeat":"repeat","background-position":"center center","background-size":"auto","background-attachment":"scroll","background-type":"","background-media":"","overlay-type":"","overlay-color":"","overlay-opacity":"","overlay-gradient":""}},"ast-content-background-meta":{"desktop":{"background-color":"var(--ast-global-color-5)","background-image":"","background-repeat":"repeat","background-position":"center center","background-size":"auto","background-attachment":"scroll","background-type":"","background-media":"","overlay-type":"","overlay-color":"","overlay-opacity":"","overlay-gradient":""},"tablet":{"background-color":"var(--ast-global-color-5)","background-image":"","background-repeat":"repeat","background-position":"center center","background-size":"auto","background-attachment":"scroll","background-type":"","background-media":"","overlay-type":"","overlay-color":"","overlay-opacity":"","overlay-gradient":""},"mobile":{"background-color":"var(--ast-global-color-5)","background-image":"","background-repeat":"repeat","background-position":"center center","background-size":"auto","background-attachment":"scroll","background-type":"","background-media":"","overlay-type":"","overlay-color":"","overlay-opacity":"","overlay-gradient":""}},"footnotes":""},"class_list":["post-24785","page","type-page","status-publish","hentry"],"_links":{"self":[{"href":"https:\/\/coachncoffee.com\/tr\/wp-json\/wp\/v2\/pages\/24785"}],"collection":[{"href":"https:\/\/coachncoffee.com\/tr\/wp-json\/wp\/v2\/pages"}],"about":[{"href":"https:\/\/coachncoffee.com\/tr\/wp-json\/wp\/v2\/types\/page"}],"author":[{"embeddable":true,"href":"https:\/\/coachncoffee.com\/tr\/wp-json\/wp\/v2\/users\/1"}],"replies":[{"embeddable":true,"href":"https:\/\/coachncoffee.com\/tr\/wp-json\/wp\/v2\/comments?post=24785"}],"version-history":[{"count":26,"href":"https:\/\/coachncoffee.com\/tr\/wp-json\/wp\/v2\/pages\/24785\/revisions"}],"predecessor-version":[{"id":25644,"href":"https:\/\/coachncoffee.com\/tr\/wp-json\/wp\/v2\/pages\/24785\/revisions\/25644"}],"wp:attachment":[{"href":"https:\/\/coachncoffee.com\/tr\/wp-json\/wp\/v2\/media?parent=24785"}],"curies":[{"name":"wp","href":"https:\/\/api.w.org\/{rel}","templated":true}]}}