{"id":24781,"date":"2024-03-07T17:42:58","date_gmt":"2024-03-07T16:42:58","guid":{"rendered":"https:\/\/coachncoffee.com\/?page_id=24781"},"modified":"2024-05-26T12:31:56","modified_gmt":"2024-05-26T10:31:56","slug":"ueber-uns","status":"publish","type":"page","link":"https:\/\/coachncoffee.com\/tr\/ueber-uns\/","title":{"rendered":"Hakk\u0131m\u0131zda"},"content":{"rendered":"<div data-elementor-type=\"wp-page\" data-elementor-id=\"24781\" class=\"elementor elementor-24781\">\n\t\t\t\t<div class=\"elementor-element elementor-element-9a71e0c e-flex e-con-boxed e-con e-parent\" data-id=\"9a71e0c\" data-element_type=\"container\" data-e-type=\"container\">\n\t\t\t\t\t<div class=\"e-con-inner\">\n\t\t\t\t<div class=\"elementor-element elementor-element-12feb72 elementor-widget elementor-widget-heading\" data-id=\"12feb72\" data-element_type=\"widget\" data-e-type=\"widget\" data-widget_type=\"heading.default\">\n\t\t\t\t<div class=\"elementor-widget-container\">\n\t\t\t\t\t<h2 class=\"elementor-heading-title elementor-size-default\">Hakk\u0131m\u0131zda<\/h2>\t\t\t\t<\/div>\n\t\t\t\t<\/div>\n\t\t\t\t<div class=\"elementor-element elementor-element-bf6b8c6 elementor-widget-divider--view-line elementor-widget elementor-widget-divider\" data-id=\"bf6b8c6\" data-element_type=\"widget\" data-e-type=\"widget\" data-widget_type=\"divider.default\">\n\t\t\t\t<div class=\"elementor-widget-container\">\n\t\t\t\t\t\t\t<div class=\"elementor-divider\">\n\t\t\t<span class=\"elementor-divider-separator\">\n\t\t\t\t\t\t<\/span>\n\t\t<\/div>\n\t\t\t\t\t\t<\/div>\n\t\t\t\t<\/div>\n\t\t\t\t\t<\/div>\n\t\t\t\t<\/div>\n\t\t<div class=\"elementor-element elementor-element-6015d43 e-flex e-con-boxed e-con e-parent\" data-id=\"6015d43\" data-element_type=\"container\" data-e-type=\"container\">\n\t\t\t\t\t<div class=\"e-con-inner\">\n\t\t<div class=\"elementor-element elementor-element-cb25e5b e-con-full e-flex e-con e-child\" data-id=\"cb25e5b\" data-element_type=\"container\" data-e-type=\"container\">\n\t\t\t\t<div class=\"elementor-element elementor-element-6e9760b elementor-widget elementor-widget-image\" data-id=\"6e9760b\" data-element_type=\"widget\" data-e-type=\"widget\" data-widget_type=\"image.default\">\n\t\t\t\t<div class=\"elementor-widget-container\">\n\t\t\t\t\t\t\t\t\t\t\t\t\t\t\t<img fetchpriority=\"high\" decoding=\"async\" width=\"1707\" height=\"2560\" src=\"https:\/\/coachncoffee.com\/wp-content\/uploads\/2024\/05\/0P8A2781-scaled.jpg\" class=\"attachment-full size-full wp-image-25285\" alt=\"\" srcset=\"https:\/\/coachncoffee.com\/wp-content\/uploads\/2024\/05\/0P8A2781-scaled.jpg 1707w, https:\/\/coachncoffee.com\/wp-content\/uploads\/2024\/05\/0P8A2781-200x300.jpg 200w, https:\/\/coachncoffee.com\/wp-content\/uploads\/2024\/05\/0P8A2781-683x1024.jpg 683w, https:\/\/coachncoffee.com\/wp-content\/uploads\/2024\/05\/0P8A2781-768x1152.jpg 768w, https:\/\/coachncoffee.com\/wp-content\/uploads\/2024\/05\/0P8A2781-1024x1536.jpg 1024w, https:\/\/coachncoffee.com\/wp-content\/uploads\/2024\/05\/0P8A2781-1365x2048.jpg 1365w, https:\/\/coachncoffee.com\/wp-content\/uploads\/2024\/05\/0P8A2781-8x12.jpg 8w\" sizes=\"(max-width: 1707px) 100vw, 1707px\">\t\t\t\t\t\t\t\t\t\t\t\t\t\t\t<\/div>\n\t\t\t\t<\/div>\n\t\t\t\t<\/div>\n\t\t<div class=\"elementor-element elementor-element-15769b7 e-con-full e-flex e-con e-child\" data-id=\"15769b7\" data-element_type=\"container\" data-e-type=\"container\">\n\t\t\t\t<div class=\"elementor-element elementor-element-262b90a elementor-widget elementor-widget-text-editor\" data-id=\"262b90a\" data-element_type=\"widget\" data-e-type=\"widget\" data-widget_type=\"text-editor.default\">\n\t\t\t\t<div class=\"elementor-widget-container\">\n\t\t\t\t\t\t\t\t\t<p class=\"translation-block\">Biz  <em><strong>Lale und \u0130mran<\/strong><\/em>, ki\u015fisel geli\u015fim ve ba\u015far\u0131 tutkusunu payla\u015fan adanm\u0131\u015f bir \u00e7iftiz. Farkl\u0131 profesyonel ge\u00e7mi\u015flerimizle, ko\u00e7lu\u011fumuza \u00e7ok \u00e7e\u015fitli uzmanl\u0131k, deneyim ve teknikler getiriyoruz.<\/p><p class=\"translation-block\">Vizyonumuz, T\u00fcrk toplumunun sadece profesyonel olarak ba\u015far\u0131l\u0131 olmas\u0131na de\u011fil, ayn\u0131 zamanda ki\u015fisel olarak b\u00fcy\u00fcmesine ve tam potansiyelini ger\u00e7ekle\u015ftirmesine yard\u0131mc\u0131 olmakt\u0131r. S\u00fcrekli de\u011fi\u015fen bir d\u00fcnyada ba\u015far\u0131n\u0131n anahtar\u0131n\u0131n dengeli bir ya\u015fam ve net bir vizyon geli\u015ftirmek oldu\u011funa inan\u0131yoruz.<\/p><p class=\"translation-block\">Bu platform arac\u0131l\u0131\u011f\u0131yla, insanlar\u0131n hedeflerine ula\u015fmalar\u0131na, hayallerini ger\u00e7ekle\u015ftirmelerine ve hayat\u0131n zorluklar\u0131yla g\u00fcven ve kararl\u0131l\u0131kla y\u00fczle\u015fmelerine destek olmak istiyoruz.<br><em><strong>Sizi toplulu\u011fumuzun bir par\u00e7as\u0131 olmaya ve herkesin en iyi benli\u011fi olma f\u0131rsat\u0131na sahip oldu\u011fu bir d\u00fcnya yaratmak i\u00e7in bize kat\u0131lmaya davet ediyoruz.<strong><em><\/p><p>Sayg\u0131lar\u0131m\u0131zla <em>Lale &amp; \u0130mran<\/em><\/p>\t\t\t\t\t\t\t\t<\/div>\n\t\t\t\t<\/div>\n\t\t\t\t<\/div>\n\t\t\t\t\t<\/div>\n\t\t\t\t<\/div>\n\t\t<div class=\"elementor-element elementor-element-ad20a87 e-flex e-con-boxed e-con e-parent\" data-id=\"ad20a87\" data-element_type=\"container\" data-e-type=\"container\">\n\t\t\t\t\t<div class=\"e-con-inner\">\n\t\t\t\t\t<\/div>\n\t\t\t\t<\/div>\n\t\t\t\t<\/div>","protected":false},"excerpt":{"rendered":"<p>\u00dcber uns Wir sind Lale und \u0130mran, ein engagiertes Ehepaar, das eine Leidenschaft f\u00fcr pers\u00f6nliche Entwicklung und Erfolg teilt. Mit unserer vielf\u00e4ltigen beruflichen Hintergr\u00fcnde bringen wir ein breites Spektrum an Fachwissen, Erfahrungen und Techniken in unser Coaching ein. Unsere Vision ist es, der t\u00fcrkischen Gemeinschaft zu helfen, nicht nur beruflich erfolgreich zu sein,sondern auch pers\u00f6nlich [&hellip;]<\/p>\n","protected":false},"author":1,"featured_media":0,"parent":0,"menu_order":0,"comment_status":"closed","ping_status":"closed","template":"","meta":{"site-sidebar-layout":"no-sidebar","site-content-layout":"page-builder","ast-site-content-layout":"full-width-container","site-content-style":"default","site-sidebar-style":"default","ast-global-header-display":"","ast-banner-title-visibility":"","ast-main-header-display":"","ast-hfb-above-header-display":"","ast-hfb-below-header-display":"","ast-hfb-mobile-header-display":"","site-post-title":"disabled","ast-breadcrumbs-content":"","ast-featured-img":"disabled","footer-sml-layout":"","ast-disable-related-posts":"","theme-transparent-header-meta":"","adv-header-id-meta":"","stick-header-meta":"","header-above-stick-meta":"","header-main-stick-meta":"","header-below-stick-meta":"","astra-migrate-meta-layouts":"set","ast-page-background-enabled":"default","ast-page-background-meta":{"desktop":{"background-color":"","background-image":"","background-repeat":"repeat","background-position":"center center","background-size":"auto","background-attachment":"scroll","background-type":"","background-media":"","overlay-type":"","overlay-color":"","overlay-opacity":"","overlay-gradient":""},"tablet":{"background-color":"","background-image":"","background-repeat":"repeat","background-position":"center center","background-size":"auto","background-attachment":"scroll","background-type":"","background-media":"","overlay-type":"","overlay-color":"","overlay-opacity":"","overlay-gradient":""},"mobile":{"background-color":"","background-image":"","background-repeat":"repeat","background-position":"center center","background-size":"auto","background-attachment":"scroll","background-type":"","background-media":"","overlay-type":"","overlay-color":"","overlay-opacity":"","overlay-gradient":""}},"ast-content-background-meta":{"desktop":{"background-color":"var(--ast-global-color-5)","background-image":"","background-repeat":"repeat","background-position":"center center","background-size":"auto","background-attachment":"scroll","background-type":"","background-media":"","overlay-type":"","overlay-color":"","overlay-opacity":"","overlay-gradient":""},"tablet":{"background-color":"var(--ast-global-color-5)","background-image":"","background-repeat":"repeat","background-position":"center center","background-size":"auto","background-attachment":"scroll","background-type":"","background-media":"","overlay-type":"","overlay-color":"","overlay-opacity":"","overlay-gradient":""},"mobile":{"background-color":"var(--ast-global-color-5)","background-image":"","background-repeat":"repeat","background-position":"center center","background-size":"auto","background-attachment":"scroll","background-type":"","background-media":"","overlay-type":"","overlay-color":"","overlay-opacity":"","overlay-gradient":""}},"footnotes":""},"class_list":["post-24781","page","type-page","status-publish","hentry"],"_links":{"self":[{"href":"https:\/\/coachncoffee.com\/tr\/wp-json\/wp\/v2\/pages\/24781"}],"collection":[{"href":"https:\/\/coachncoffee.com\/tr\/wp-json\/wp\/v2\/pages"}],"about":[{"href":"https:\/\/coachncoffee.com\/tr\/wp-json\/wp\/v2\/types\/page"}],"author":[{"embeddable":true,"href":"https:\/\/coachncoffee.com\/tr\/wp-json\/wp\/v2\/users\/1"}],"replies":[{"embeddable":true,"href":"https:\/\/coachncoffee.com\/tr\/wp-json\/wp\/v2\/comments?post=24781"}],"version-history":[{"count":19,"href":"https:\/\/coachncoffee.com\/tr\/wp-json\/wp\/v2\/pages\/24781\/revisions"}],"predecessor-version":[{"id":25673,"href":"https:\/\/coachncoffee.com\/tr\/wp-json\/wp\/v2\/pages\/24781\/revisions\/25673"}],"wp:attachment":[{"href":"https:\/\/coachncoffee.com\/tr\/wp-json\/wp\/v2\/media?parent=24781"}],"curies":[{"name":"wp","href":"https:\/\/api.w.org\/{rel}","templated":true}]}}