{"id":24779,"date":"2024-03-07T17:42:39","date_gmt":"2024-03-07T16:42:39","guid":{"rendered":"https:\/\/coachncoffee.com\/?page_id=24779"},"modified":"2024-04-19T18:41:23","modified_gmt":"2024-04-19T16:41:23","slug":"kontaktformular","status":"publish","type":"page","link":"https:\/\/coachncoffee.com\/tr\/kontaktformular\/","title":{"rendered":"\u0130leti\u015fim formu"},"content":{"rendered":"\t\t<div data-elementor-type=\"wp-page\" data-elementor-id=\"24779\" class=\"elementor elementor-24779\">\n\t\t\t\t<div class=\"elementor-element elementor-element-413f572 e-flex e-con-boxed e-con e-parent\" data-id=\"413f572\" data-element_type=\"container\" data-e-type=\"container\">\n\t\t\t\t\t<div class=\"e-con-inner\">\n\t\t\t\t<div class=\"elementor-element elementor-element-44ef54d elementor-widget elementor-widget-heading\" data-id=\"44ef54d\" data-element_type=\"widget\" data-e-type=\"widget\" data-widget_type=\"heading.default\">\n\t\t\t\t<div class=\"elementor-widget-container\">\n\t\t\t\t\t<h2 class=\"elementor-heading-title elementor-size-default\">Kontaktformular<\/h2>\t\t\t\t<\/div>\n\t\t\t\t<\/div>\n\t\t\t\t<div class=\"elementor-element elementor-element-fc0c7ed elementor-widget-divider--view-line elementor-widget elementor-widget-divider\" data-id=\"fc0c7ed\" data-element_type=\"widget\" data-e-type=\"widget\" data-widget_type=\"divider.default\">\n\t\t\t\t<div class=\"elementor-widget-container\">\n\t\t\t\t\t\t\t<div class=\"elementor-divider\">\n\t\t\t<span class=\"elementor-divider-separator\">\n\t\t\t\t\t\t<\/span>\n\t\t<\/div>\n\t\t\t\t\t\t<\/div>\n\t\t\t\t<\/div>\n\t\t\t\t\t<\/div>\n\t\t\t\t<\/div>\n\t\t<div class=\"elementor-element elementor-element-bc40577 e-flex e-con-boxed e-con e-parent\" data-id=\"bc40577\" data-element_type=\"container\" data-e-type=\"container\">\n\t\t\t\t\t<div class=\"e-con-inner\">\n\t\t\t\t<div class=\"elementor-element elementor-element-b565ac9 elementor-widget elementor-widget-wpforms\" data-id=\"b565ac9\" data-element_type=\"widget\" data-e-type=\"widget\" data-widget_type=\"wpforms.default\">\n\t\t\t\t<div class=\"elementor-widget-container\">\n\t\t\t\t\t<div class=\"wpforms-container \" id=\"wpforms-24835\"><form id=\"wpforms-form-24835\" class=\"wpforms-validate wpforms-form wpforms-ajax-form\" data-formid=\"24835\" method=\"post\" enctype=\"multipart\/form-data\" action=\"\/tr\/wp-json\/wp\/v2\/pages\/24779\" data-token=\"7e6d46a5b89fe12cb883783799d235c3\" data-token-time=\"1777821807\"><noscript class=\"wpforms-error-noscript\">Bu formu bitirebilmek i\u00e7in taray\u0131c\u0131n\u0131zda JavaScript&#039;i etkinle\u015ftirin.<\/noscript><div class=\"wpforms-field-container\"><div id=\"wpforms-24835-field_0-container\" class=\"wpforms-field wpforms-field-name\" data-field-id=\"0\"><label class=\"wpforms-field-label\" for=\"wpforms-24835-field_0\">Name<\/label><div class=\"wpforms-field-row wpforms-field-medium\"><div class=\"wpforms-field-row-block wpforms-first wpforms-one-half\"><input type=\"text\" id=\"wpforms-24835-field_0\" class=\"wpforms-field-name-first\" name=\"wpforms[fields][0][first]\" placeholder=\"Vorname\" ><label for=\"wpforms-24835-field_0\" class=\"wpforms-field-sublabel after wpforms-sublabel-hide\">Ad<\/label><\/div><div class=\"wpforms-field-row-block wpforms-one-half\"><input type=\"text\" id=\"wpforms-24835-field_0-last\" class=\"wpforms-field-name-last\" name=\"wpforms[fields][0][last]\" placeholder=\"Nachname\" ><label for=\"wpforms-24835-field_0-last\" class=\"wpforms-field-sublabel after wpforms-sublabel-hide\">Soyad<\/label><\/div><\/div><\/div><div id=\"wpforms-24835-field_1-container\" class=\"wpforms-field wpforms-field-email\" data-field-id=\"1\"><label class=\"wpforms-field-label\" for=\"wpforms-24835-field_1\">E-Mail-Adresse <span class=\"wpforms-required-label\">*<\/span><\/label><input type=\"email\" id=\"wpforms-24835-field_1\" class=\"wpforms-field-medium wpforms-field-required\" name=\"wpforms[fields][1]\" placeholder=\"E-Mail-Adresse\" spellcheck=\"false\" required><\/div><div id=\"wpforms-24835-field_2-container\" class=\"wpforms-field wpforms-field-textarea\" data-field-id=\"2\"><label class=\"wpforms-field-label\" for=\"wpforms-24835-field_2\">Nachricht<\/label><textarea id=\"wpforms-24835-field_2\" class=\"wpforms-field-medium\" name=\"wpforms[fields][2]\" ><\/textarea><\/div><div id=\"wpforms-24835-field_6-container\" class=\"wpforms-field wpforms-field-gdpr-checkbox\" data-field-id=\"6\"><label class=\"wpforms-field-label\">DSGVO-Einverst\u00e4ndnis <span class=\"wpforms-required-label\">*<\/span><\/label><ul id=\"wpforms-24835-field_6\" class=\"wpforms-field-required\"><li class=\"choice-1\"><input type=\"checkbox\" id=\"wpforms-24835-field_6_1\" name=\"wpforms[fields][6][]\" value=\"Ich willige ein, dass diese Website meine \u00fcbermittelten Informationen speichert, sodass meine Anfrage beantwortet werden kann.\" required ><label class=\"wpforms-field-label-inline\" for=\"wpforms-24835-field_6_1\">Ich willige ein, dass diese Website meine \u00fcbermittelten Informationen speichert, sodass meine Anfrage beantwortet werden kann.<\/label><\/li><\/ul><\/div><\/div><!-- .wpforms-field-container --><div class=\"wpforms-submit-container\" ><input type=\"hidden\" name=\"wpforms[id]\" value=\"24835\"><input type=\"hidden\" name=\"page_title\" value=\"\"><input type=\"hidden\" name=\"page_url\" value=\"https:\/\/coachncoffee.com\/tr\/wp-json\/wp\/v2\/pages\/24779\"><input type=\"hidden\" name=\"url_referer\" value=\"\"><button type=\"submit\" name=\"wpforms[submit]\" id=\"wpforms-submit-24835\" class=\"wpforms-submit\" data-alt-text=\"Wird gesendet\u00a0\u2026\" data-submit-text=\"Absenden\" aria-live=\"assertive\" value=\"wpforms-submit\">Absenden<\/button><img decoding=\"async\" src=\"https:\/\/coachncoffee.com\/wp-content\/plugins\/wpforms-lite\/assets\/images\/submit-spin.svg\" class=\"wpforms-submit-spinner\" style=\"display: none;\" width=\"26\" height=\"26\" alt=\"Y\u00fckleniyor\"><\/div><\/form><\/div>  <!-- .wpforms-container -->\t\t\t\t<\/div>\n\t\t\t\t<\/div>\n\t\t\t\t\t<\/div>\n\t\t\t\t<\/div>\n\t\t<div class=\"elementor-element elementor-element-5262d75 e-flex e-con-boxed e-con e-parent\" data-id=\"5262d75\" data-element_type=\"container\" data-e-type=\"container\">\n\t\t\t\t\t<div class=\"e-con-inner\">\n\t\t\t\t\t<\/div>\n\t\t\t\t<\/div>\n\t\t\t\t<\/div>\n\t\t","protected":false},"excerpt":{"rendered":"<p>Kontaktformular Bitte aktiviere JavaScript in deinem Browser, um dieses Formular fertigzustellen.NameVornameNachnameE-Mail-Adresse *NachrichtDSGVO-Einverst\u00e4ndnis * Ich willige ein, dass diese Website meine \u00fcbermittelten Informationen speichert, sodass meine Anfrage beantwortet werden kann. Absenden<\/p>","protected":false},"author":1,"featured_media":0,"parent":0,"menu_order":0,"comment_status":"closed","ping_status":"closed","template":"","meta":{"site-sidebar-layout":"no-sidebar","site-content-layout":"page-builder","ast-site-content-layout":"full-width-container","site-content-style":"default","site-sidebar-style":"default","ast-global-header-display":"","ast-banner-title-visibility":"","ast-main-header-display":"","ast-hfb-above-header-display":"","ast-hfb-below-header-display":"","ast-hfb-mobile-header-display":"","site-post-title":"disabled","ast-breadcrumbs-content":"","ast-featured-img":"disabled","footer-sml-layout":"","ast-disable-related-posts":"","theme-transparent-header-meta":"","adv-header-id-meta":"","stick-header-meta":"","header-above-stick-meta":"","header-main-stick-meta":"","header-below-stick-meta":"","astra-migrate-meta-layouts":"set","ast-page-background-enabled":"default","ast-page-background-meta":{"desktop":{"background-color":"","background-image":"","background-repeat":"repeat","background-position":"center center","background-size":"auto","background-attachment":"scroll","background-type":"","background-media":"","overlay-type":"","overlay-color":"","overlay-opacity":"","overlay-gradient":""},"tablet":{"background-color":"","background-image":"","background-repeat":"repeat","background-position":"center center","background-size":"auto","background-attachment":"scroll","background-type":"","background-media":"","overlay-type":"","overlay-color":"","overlay-opacity":"","overlay-gradient":""},"mobile":{"background-color":"","background-image":"","background-repeat":"repeat","background-position":"center center","background-size":"auto","background-attachment":"scroll","background-type":"","background-media":"","overlay-type":"","overlay-color":"","overlay-opacity":"","overlay-gradient":""}},"ast-content-background-meta":{"desktop":{"background-color":"var(--ast-global-color-5)","background-image":"","background-repeat":"repeat","background-position":"center center","background-size":"auto","background-attachment":"scroll","background-type":"","background-media":"","overlay-type":"","overlay-color":"","overlay-opacity":"","overlay-gradient":""},"tablet":{"background-color":"var(--ast-global-color-5)","background-image":"","background-repeat":"repeat","background-position":"center center","background-size":"auto","background-attachment":"scroll","background-type":"","background-media":"","overlay-type":"","overlay-color":"","overlay-opacity":"","overlay-gradient":""},"mobile":{"background-color":"var(--ast-global-color-5)","background-image":"","background-repeat":"repeat","background-position":"center center","background-size":"auto","background-attachment":"scroll","background-type":"","background-media":"","overlay-type":"","overlay-color":"","overlay-opacity":"","overlay-gradient":""}},"footnotes":""},"class_list":["post-24779","page","type-page","status-publish","hentry"],"_links":{"self":[{"href":"https:\/\/coachncoffee.com\/tr\/wp-json\/wp\/v2\/pages\/24779"}],"collection":[{"href":"https:\/\/coachncoffee.com\/tr\/wp-json\/wp\/v2\/pages"}],"about":[{"href":"https:\/\/coachncoffee.com\/tr\/wp-json\/wp\/v2\/types\/page"}],"author":[{"embeddable":true,"href":"https:\/\/coachncoffee.com\/tr\/wp-json\/wp\/v2\/users\/1"}],"replies":[{"embeddable":true,"href":"https:\/\/coachncoffee.com\/tr\/wp-json\/wp\/v2\/comments?post=24779"}],"version-history":[{"count":10,"href":"https:\/\/coachncoffee.com\/tr\/wp-json\/wp\/v2\/pages\/24779\/revisions"}],"predecessor-version":[{"id":25101,"href":"https:\/\/coachncoffee.com\/tr\/wp-json\/wp\/v2\/pages\/24779\/revisions\/25101"}],"wp:attachment":[{"href":"https:\/\/coachncoffee.com\/tr\/wp-json\/wp\/v2\/media?parent=24779"}],"curies":[{"name":"wp","href":"https:\/\/api.w.org\/{rel}","templated":true}]}}